{"id":716,"date":"2026-01-19T16:43:16","date_gmt":"2026-01-19T19:43:16","guid":{"rendered":"https:\/\/incubaconsultores.com.ar\/main\/?page_id=716"},"modified":"2026-01-20T12:42:50","modified_gmt":"2026-01-20T15:42:50","slug":"nuevas-dinamicas-de-trabajo","status":"publish","type":"page","link":"https:\/\/incubaconsultores.com.ar\/main\/nuevas-dinamicas-de-trabajo\/","title":{"rendered":"Nuevas din\u00e1micas de trabajo"},"content":{"rendered":"\n<div class=\"wp-block-cover has-parallax has-custom-content-position is-position-top-left wp-duotone-unset-2\"><div class=\"wp-block-cover__image-background wp-image-693 size-large has-parallax\" style=\"background-position:50% 50%;background-image:url(https:\/\/incubaconsultores.com.ar\/main\/wp-content\/uploads\/2026\/01\/Incuba-web-2026-Nuevas-dinamicas-1024x799.png)\"><\/div><span aria-hidden=\"true\" class=\"wp-block-cover__background has-accent-4-background-color has-background-dim-60 has-background-dim\"><\/span><div class=\"wp-block-cover__inner-container has-global-padding is-layout-constrained wp-container-core-cover-is-layout-12243e0f wp-block-cover-is-layout-constrained\">\n<h1 class=\"wp-block-heading alignwide\">Nuevas din\u00e1micas de trabajo<\/h1>\n\n\n\n<h2 class=\"wp-block-heading\">Modelos h\u00edbridos, colaboraci\u00f3n efectiva y productividad medible.<\/h2>\n\n\n\n<div style=\"height:47px\" aria-hidden=\"true\" class=\"wp-block-spacer\"><\/div>\n\n\n\n<h2 class=\"wp-block-heading\">Cu\u00e1ndo aplica<\/h2>\n\n\n\n<ul class=\"wp-block-list has-large-font-size\">\n<li>Equipos distribuidos con fricci\u00f3n<\/li>\n\n\n\n<li>Muchas reuniones, poca ejecuci\u00f3n<\/li>\n\n\n\n<li>Falta claridad de responsabilidades y prioridades<\/li>\n<\/ul>\n\n\n\n<h2 class=\"wp-block-heading\">Ejemplos t\u00edpicos de proyectos<\/h2>\n\n\n\n<p class=\"has-large-font-size\">&#x2705; Modelo operativo h\u00edbrido (rituales + cadencias)<br>&#x2705; Estandarizaci\u00f3n de trabajo en Teams \/ M365<br>&#x2705; Tableros y gesti\u00f3n visual de ejecuci\u00f3n<br>&#x2705; Dise\u00f1o de roles y responsabilidades (RACI liviano)<br>&#x2705; Mejora de colaboraci\u00f3n cross-\u00e1rea<\/p>\n\n\n\n<h2 class=\"wp-block-heading\">Qu\u00e9 entregamos<\/h2>\n\n\n\n<ul class=\"wp-block-list has-large-font-size\">\n<li>Modelo de trabajo acordado<\/li>\n\n\n\n<li>Reglas y cadencias operativas<\/li>\n\n\n\n<li>Tableros + herramientas configuradas<\/li>\n\n\n\n<li>M\u00e9tricas m\u00ednimas de productividad<\/li>\n<\/ul>\n\n\n\n<div class=\"wp-block-buttons is-layout-flex wp-block-buttons-is-layout-flex\">\n<div class=\"wp-block-button is-style-fill\"><a class=\"wp-block-button__link has-contrast-color has-accent-1-background-color has-text-color has-background has-link-color has-medium-font-size has-custom-font-size wp-element-button\" href=\"https:\/\/outlook.office.com\/book\/ReuninIncuba@incubaconsultores.com.ar\/?ismsaljsauthenabled=true\">Agend\u00e1 Diagn\u00f3stico<\/a><\/div>\n\n\n\n<div class=\"wp-block-button is-style-outline is-style-outline--1\"><a class=\"wp-block-button__link has-base-color has-contrast-background-color has-text-color has-background has-link-color has-medium-font-size has-custom-font-size wp-element-button\" href=\"https:\/\/incubaconsultores.com.ar\/main\/business-processes\/\">Transformaci\u00f3n de procesos<\/a><\/div>\n<\/div>\n<\/div><\/div>\n\n\n\n<p><\/p>\n","protected":false},"excerpt":{"rendered":"","protected":false},"author":2,"featured_media":0,"parent":0,"menu_order":0,"comment_status":"closed","ping_status":"closed","template":"servicios-2","meta":{"footnotes":""},"class_list":["post-716","page","type-page","status-publish","hentry"],"yoast_head":"<!-- This site is optimized with the Yoast SEO plugin v27.5 - https:\/\/yoast.com\/product\/yoast-seo-wordpress\/ -->\n<title>Trabajo H\u00edbrido y Productividad de Equipos | Incuba<\/title>\n<meta name=\"description\" content=\"Dise\u00f1amos din\u00e1micas de trabajo h\u00edbridas con foco en productividad real. Cadencias, colaboraci\u00f3n, tableros y m\u00e9tricas para equipos distribuidos. Agend\u00e1 diagn\u00f3stico.\" \/>\n<meta name=\"robots\" content=\"index, follow, max-snippet:-1, max-image-preview:large, max-video-preview:-1\" \/>\n<link rel=\"canonical\" href=\"https:\/\/incubaconsultores.com.ar\/main\/nuevas-dinamicas-de-trabajo\/\" \/>\n<meta property=\"og:locale\" content=\"es_ES\" \/>\n<meta property=\"og:type\" content=\"article\" \/>\n<meta property=\"og:title\" content=\"Trabajo H\u00edbrido y Productividad de Equipos | Incuba\" \/>\n<meta property=\"og:description\" content=\"Dise\u00f1amos din\u00e1micas de trabajo h\u00edbridas con foco en productividad real. Cadencias, colaboraci\u00f3n, tableros y m\u00e9tricas para equipos distribuidos. Agend\u00e1 diagn\u00f3stico.\" \/>\n<meta property=\"og:url\" content=\"https:\/\/incubaconsultores.com.ar\/main\/nuevas-dinamicas-de-trabajo\/\" \/>\n<meta property=\"og:site_name\" content=\"Incuba Consultores\" \/>\n<meta property=\"article:publisher\" content=\"https:\/\/www.facebook.com\/IncubaConsultores\/\" \/>\n<meta property=\"article:modified_time\" content=\"2026-01-20T15:42:50+00:00\" \/>\n<meta property=\"og:image\" content=\"https:\/\/incubaconsultores.com.ar\/main\/wp-content\/uploads\/2016\/12\/logo-01.png\" \/>\n\t<meta property=\"og:image:width\" content=\"600\" \/>\n\t<meta property=\"og:image:height\" content=\"294\" \/>\n\t<meta property=\"og:image:type\" content=\"image\/png\" \/>\n<meta name=\"twitter:card\" content=\"summary_large_image\" \/>\n<meta name=\"twitter:label1\" content=\"Tiempo de lectura\" \/>\n\t<meta name=\"twitter:data1\" content=\"1 minuto\" \/>\n<script type=\"application\/ld+json\" class=\"yoast-schema-graph\">{\"@context\":\"https:\\\/\\\/schema.org\",\"@graph\":[{\"@type\":\"WebPage\",\"@id\":\"https:\\\/\\\/incubaconsultores.com.ar\\\/main\\\/nuevas-dinamicas-de-trabajo\\\/\",\"url\":\"https:\\\/\\\/incubaconsultores.com.ar\\\/main\\\/nuevas-dinamicas-de-trabajo\\\/\",\"name\":\"Trabajo H\u00edbrido y Productividad de Equipos | Incuba\",\"isPartOf\":{\"@id\":\"https:\\\/\\\/incubaconsultores.com.ar\\\/main\\\/#website\"},\"datePublished\":\"2026-01-19T19:43:16+00:00\",\"dateModified\":\"2026-01-20T15:42:50+00:00\",\"description\":\"Dise\u00f1amos din\u00e1micas de trabajo h\u00edbridas con foco en productividad real. Cadencias, colaboraci\u00f3n, tableros y m\u00e9tricas para equipos distribuidos. Agend\u00e1 diagn\u00f3stico.\",\"breadcrumb\":{\"@id\":\"https:\\\/\\\/incubaconsultores.com.ar\\\/main\\\/nuevas-dinamicas-de-trabajo\\\/#breadcrumb\"},\"inLanguage\":\"es-AR\",\"potentialAction\":[{\"@type\":\"ReadAction\",\"target\":[\"https:\\\/\\\/incubaconsultores.com.ar\\\/main\\\/nuevas-dinamicas-de-trabajo\\\/\"]}]},{\"@type\":\"BreadcrumbList\",\"@id\":\"https:\\\/\\\/incubaconsultores.com.ar\\\/main\\\/nuevas-dinamicas-de-trabajo\\\/#breadcrumb\",\"itemListElement\":[{\"@type\":\"ListItem\",\"position\":1,\"name\":\"Inicio\",\"item\":\"https:\\\/\\\/incubaconsultores.com.ar\\\/main\\\/\"},{\"@type\":\"ListItem\",\"position\":2,\"name\":\"Nuevas din\u00e1micas de trabajo\"}]},{\"@type\":\"WebSite\",\"@id\":\"https:\\\/\\\/incubaconsultores.com.ar\\\/main\\\/#website\",\"url\":\"https:\\\/\\\/incubaconsultores.com.ar\\\/main\\\/\",\"name\":\"Incuba Consultores\",\"description\":\"Consultor\u00eda en procesos, gesti\u00f3n del cambio, PM y tecnolog\u00eda.\",\"publisher\":{\"@id\":\"https:\\\/\\\/incubaconsultores.com.ar\\\/main\\\/#organization\"},\"potentialAction\":[{\"@type\":\"SearchAction\",\"target\":{\"@type\":\"EntryPoint\",\"urlTemplate\":\"https:\\\/\\\/incubaconsultores.com.ar\\\/main\\\/?s={search_term_string}\"},\"query-input\":{\"@type\":\"PropertyValueSpecification\",\"valueRequired\":true,\"valueName\":\"search_term_string\"}}],\"inLanguage\":\"es-AR\"},{\"@type\":\"Organization\",\"@id\":\"https:\\\/\\\/incubaconsultores.com.ar\\\/main\\\/#organization\",\"name\":\"INCUBA CONSULTORES\",\"alternateName\":\"INCUBA CONSULTORES\",\"url\":\"https:\\\/\\\/incubaconsultores.com.ar\\\/main\\\/\",\"logo\":{\"@type\":\"ImageObject\",\"inLanguage\":\"es-AR\",\"@id\":\"https:\\\/\\\/incubaconsultores.com.ar\\\/main\\\/#\\\/schema\\\/logo\\\/image\\\/\",\"url\":\"https:\\\/\\\/incubaconsultores.com.ar\\\/main\\\/wp-content\\\/uploads\\\/2016\\\/12\\\/logo-01.png\",\"contentUrl\":\"https:\\\/\\\/incubaconsultores.com.ar\\\/main\\\/wp-content\\\/uploads\\\/2016\\\/12\\\/logo-01.png\",\"width\":600,\"height\":294,\"caption\":\"INCUBA CONSULTORES\"},\"image\":{\"@id\":\"https:\\\/\\\/incubaconsultores.com.ar\\\/main\\\/#\\\/schema\\\/logo\\\/image\\\/\"},\"sameAs\":[\"https:\\\/\\\/www.facebook.com\\\/IncubaConsultores\\\/\",\"https:\\\/\\\/ar.linkedin.com\\\/company\\\/incuba-consultores\"]}]}<\/script>\n<!-- \/ Yoast SEO plugin. -->","yoast_head_json":{"title":"Trabajo H\u00edbrido y Productividad de Equipos | Incuba","description":"Dise\u00f1amos din\u00e1micas de trabajo h\u00edbridas con foco en productividad real. Cadencias, colaboraci\u00f3n, tableros y m\u00e9tricas para equipos distribuidos. Agend\u00e1 diagn\u00f3stico.","robots":{"index":"index","follow":"follow","max-snippet":"max-snippet:-1","max-image-preview":"max-image-preview:large","max-video-preview":"max-video-preview:-1"},"canonical":"https:\/\/incubaconsultores.com.ar\/main\/nuevas-dinamicas-de-trabajo\/","og_locale":"es_ES","og_type":"article","og_title":"Trabajo H\u00edbrido y Productividad de Equipos | Incuba","og_description":"Dise\u00f1amos din\u00e1micas de trabajo h\u00edbridas con foco en productividad real. Cadencias, colaboraci\u00f3n, tableros y m\u00e9tricas para equipos distribuidos. Agend\u00e1 diagn\u00f3stico.","og_url":"https:\/\/incubaconsultores.com.ar\/main\/nuevas-dinamicas-de-trabajo\/","og_site_name":"Incuba Consultores","article_publisher":"https:\/\/www.facebook.com\/IncubaConsultores\/","article_modified_time":"2026-01-20T15:42:50+00:00","og_image":[{"width":600,"height":294,"url":"https:\/\/incubaconsultores.com.ar\/main\/wp-content\/uploads\/2016\/12\/logo-01.png","type":"image\/png"}],"twitter_card":"summary_large_image","twitter_misc":{"Tiempo de lectura":"1 minuto"},"schema":{"@context":"https:\/\/schema.org","@graph":[{"@type":"WebPage","@id":"https:\/\/incubaconsultores.com.ar\/main\/nuevas-dinamicas-de-trabajo\/","url":"https:\/\/incubaconsultores.com.ar\/main\/nuevas-dinamicas-de-trabajo\/","name":"Trabajo H\u00edbrido y Productividad de Equipos | Incuba","isPartOf":{"@id":"https:\/\/incubaconsultores.com.ar\/main\/#website"},"datePublished":"2026-01-19T19:43:16+00:00","dateModified":"2026-01-20T15:42:50+00:00","description":"Dise\u00f1amos din\u00e1micas de trabajo h\u00edbridas con foco en productividad real. Cadencias, colaboraci\u00f3n, tableros y m\u00e9tricas para equipos distribuidos. Agend\u00e1 diagn\u00f3stico.","breadcrumb":{"@id":"https:\/\/incubaconsultores.com.ar\/main\/nuevas-dinamicas-de-trabajo\/#breadcrumb"},"inLanguage":"es-AR","potentialAction":[{"@type":"ReadAction","target":["https:\/\/incubaconsultores.com.ar\/main\/nuevas-dinamicas-de-trabajo\/"]}]},{"@type":"BreadcrumbList","@id":"https:\/\/incubaconsultores.com.ar\/main\/nuevas-dinamicas-de-trabajo\/#breadcrumb","itemListElement":[{"@type":"ListItem","position":1,"name":"Inicio","item":"https:\/\/incubaconsultores.com.ar\/main\/"},{"@type":"ListItem","position":2,"name":"Nuevas din\u00e1micas de trabajo"}]},{"@type":"WebSite","@id":"https:\/\/incubaconsultores.com.ar\/main\/#website","url":"https:\/\/incubaconsultores.com.ar\/main\/","name":"Incuba Consultores","description":"Consultor\u00eda en procesos, gesti\u00f3n del cambio, PM y tecnolog\u00eda.","publisher":{"@id":"https:\/\/incubaconsultores.com.ar\/main\/#organization"},"potentialAction":[{"@type":"SearchAction","target":{"@type":"EntryPoint","urlTemplate":"https:\/\/incubaconsultores.com.ar\/main\/?s={search_term_string}"},"query-input":{"@type":"PropertyValueSpecification","valueRequired":true,"valueName":"search_term_string"}}],"inLanguage":"es-AR"},{"@type":"Organization","@id":"https:\/\/incubaconsultores.com.ar\/main\/#organization","name":"INCUBA CONSULTORES","alternateName":"INCUBA CONSULTORES","url":"https:\/\/incubaconsultores.com.ar\/main\/","logo":{"@type":"ImageObject","inLanguage":"es-AR","@id":"https:\/\/incubaconsultores.com.ar\/main\/#\/schema\/logo\/image\/","url":"https:\/\/incubaconsultores.com.ar\/main\/wp-content\/uploads\/2016\/12\/logo-01.png","contentUrl":"https:\/\/incubaconsultores.com.ar\/main\/wp-content\/uploads\/2016\/12\/logo-01.png","width":600,"height":294,"caption":"INCUBA CONSULTORES"},"image":{"@id":"https:\/\/incubaconsultores.com.ar\/main\/#\/schema\/logo\/image\/"},"sameAs":["https:\/\/www.facebook.com\/IncubaConsultores\/","https:\/\/ar.linkedin.com\/company\/incuba-consultores"]}]}},"_links":{"self":[{"href":"https:\/\/incubaconsultores.com.ar\/main\/wp-json\/wp\/v2\/pages\/716","targetHints":{"allow":["GET"]}}],"collection":[{"href":"https:\/\/incubaconsultores.com.ar\/main\/wp-json\/wp\/v2\/pages"}],"about":[{"href":"https:\/\/incubaconsultores.com.ar\/main\/wp-json\/wp\/v2\/types\/page"}],"author":[{"embeddable":true,"href":"https:\/\/incubaconsultores.com.ar\/main\/wp-json\/wp\/v2\/users\/2"}],"replies":[{"embeddable":true,"href":"https:\/\/incubaconsultores.com.ar\/main\/wp-json\/wp\/v2\/comments?post=716"}],"version-history":[{"count":4,"href":"https:\/\/incubaconsultores.com.ar\/main\/wp-json\/wp\/v2\/pages\/716\/revisions"}],"predecessor-version":[{"id":775,"href":"https:\/\/incubaconsultores.com.ar\/main\/wp-json\/wp\/v2\/pages\/716\/revisions\/775"}],"wp:attachment":[{"href":"https:\/\/incubaconsultores.com.ar\/main\/wp-json\/wp\/v2\/media?parent=716"}],"curies":[{"name":"wp","href":"https:\/\/api.w.org\/{rel}","templated":true}]}}