{"id":689,"date":"2026-01-19T16:22:42","date_gmt":"2026-01-19T19:22:42","guid":{"rendered":"https:\/\/incubaconsultores.com.ar\/main\/?page_id=689"},"modified":"2026-01-20T12:39:24","modified_gmt":"2026-01-20T15:39:24","slug":"it-solutions","status":"publish","type":"page","link":"https:\/\/incubaconsultores.com.ar\/main\/it-solutions\/","title":{"rendered":"IT Solutions"},"content":{"rendered":"\n<div class=\"wp-block-cover has-parallax has-custom-content-position is-position-top-left wp-duotone-unset-2\"><div class=\"wp-block-cover__image-background wp-image-692 size-large has-parallax\" style=\"background-position:50% 50%;background-image:url(https:\/\/incubaconsultores.com.ar\/main\/wp-content\/uploads\/2026\/01\/Incuba-web-2026-IT-Solutions-1024x683.png)\"><\/div><span aria-hidden=\"true\" class=\"wp-block-cover__background has-accent-4-background-color has-background-dim-60 has-background-dim\"><\/span><div class=\"wp-block-cover__inner-container has-global-padding is-layout-constrained wp-container-core-cover-is-layout-12243e0f wp-block-cover-is-layout-constrained\">\n<h1 class=\"wp-block-heading alignwide\">IT Solutions<\/h1>\n\n\n\n<h2 class=\"wp-block-heading\">Soluciones tecnol\u00f3gicas para acelerar operaci\u00f3n y destrabar ejecuci\u00f3n.<\/h2>\n\n\n\n<div style=\"height:47px\" aria-hidden=\"true\" class=\"wp-block-spacer\"><\/div>\n\n\n\n<h2 class=\"wp-block-heading\">Cu\u00e1ndo aplica<\/h2>\n\n\n\n<ul class=\"wp-block-list has-large-font-size\">\n<li>Ten\u00e9s iniciativas frenadas por integraci\u00f3n o deuda t\u00e9cnica<\/li>\n\n\n\n<li>Necesit\u00e1s automatizar r\u00e1pido sin armar un equipo gigante<\/li>\n\n\n\n<li>Quer\u00e9s bajar costos operativos con tecnolog\u00eda<\/li>\n<\/ul>\n\n\n\n<h2 class=\"wp-block-heading\">Ejemplos t\u00edpicos de proyectos<\/h2>\n\n\n\n<p class=\"has-large-font-size\">&#x2705; Automatizaci\u00f3n de flujos operativos (Power Automate \/ BPM)<br>&#x2705; Integraci\u00f3n entre sistemas (ERP\/CRM\/portales internos)<br>&#x2705; Tableros ejecutivos de seguimiento (Power BI \/ KPI)<br>&#x2705; Modernizaci\u00f3n puntual de una app cr\u00edtica<br>&#x2705; MVP r\u00e1pido para validar una nueva iniciativa<\/p>\n\n\n\n<h2 class=\"wp-block-heading\">Qu\u00e9 entregamos<\/h2>\n\n\n\n<ul class=\"wp-block-list has-large-font-size\">\n<li>Dise\u00f1o de soluci\u00f3n + estimaci\u00f3n<\/li>\n\n\n\n<li>Implementaci\u00f3n incremental con hitos<\/li>\n\n\n\n<li>Documentaci\u00f3n t\u00e9cnica y operativa<\/li>\n\n\n\n<li>Transferencia de capacidades<\/li>\n<\/ul>\n\n\n\n<div class=\"wp-block-buttons is-layout-flex wp-block-buttons-is-layout-flex\">\n<div class=\"wp-block-button is-style-fill\"><a class=\"wp-block-button__link has-contrast-color has-accent-1-background-color has-text-color has-background has-link-color has-medium-font-size has-custom-font-size wp-element-button\" href=\"https:\/\/outlook.office.com\/book\/ReuninIncuba@incubaconsultores.com.ar\/?ismsaljsauthenabled=true\"><strong>Hablemos 15 minutos<\/strong><\/a><\/div>\n\n\n\n<div class=\"wp-block-button is-style-outline is-style-outline--1\"><a class=\"wp-block-button__link has-base-color has-contrast-background-color has-text-color has-background has-link-color has-medium-font-size has-custom-font-size wp-element-button\" href=\"https:\/\/incubaconsultores.com.ar\/main\/it-consulting\/\">Conoc\u00e9 IT Consulting<\/a><\/div>\n<\/div>\n<\/div><\/div>\n\n\n\n<p><\/p>\n","protected":false},"excerpt":{"rendered":"","protected":false},"author":2,"featured_media":0,"parent":0,"menu_order":0,"comment_status":"closed","ping_status":"closed","template":"servicios-2","meta":{"footnotes":""},"class_list":["post-689","page","type-page","status-publish","hentry"],"yoast_head":"<!-- This site is optimized with the Yoast SEO plugin v27.5 - https:\/\/yoast.com\/product\/yoast-seo-wordpress\/ -->\n<title>IT Solutions: Desarrollo a Medida y Automatizaci\u00f3n | Incuba<\/title>\n<meta name=\"description\" content=\"Desarrollo de soluciones a medida, automatizamos procesos e integramos sistemas para acelerar resultados.Agend\u00e1 diagn\u00f3stico.\" \/>\n<meta name=\"robots\" content=\"index, follow, max-snippet:-1, max-image-preview:large, max-video-preview:-1\" \/>\n<link rel=\"canonical\" href=\"https:\/\/incubaconsultores.com.ar\/main\/it-solutions\/\" \/>\n<meta property=\"og:locale\" content=\"es_ES\" \/>\n<meta property=\"og:type\" content=\"article\" \/>\n<meta property=\"og:title\" content=\"IT Solutions: Desarrollo a Medida y Automatizaci\u00f3n | Incuba\" \/>\n<meta property=\"og:description\" content=\"Desarrollo de soluciones a medida, automatizamos procesos e integramos sistemas para acelerar resultados.Agend\u00e1 diagn\u00f3stico.\" \/>\n<meta property=\"og:url\" content=\"https:\/\/incubaconsultores.com.ar\/main\/it-solutions\/\" \/>\n<meta property=\"og:site_name\" content=\"Incuba Consultores\" \/>\n<meta property=\"article:publisher\" content=\"https:\/\/www.facebook.com\/IncubaConsultores\/\" \/>\n<meta property=\"article:modified_time\" content=\"2026-01-20T15:39:24+00:00\" \/>\n<meta property=\"og:image\" content=\"https:\/\/incubaconsultores.com.ar\/main\/wp-content\/uploads\/2016\/12\/logo-01.png\" \/>\n\t<meta property=\"og:image:width\" content=\"600\" \/>\n\t<meta property=\"og:image:height\" content=\"294\" \/>\n\t<meta property=\"og:image:type\" content=\"image\/png\" \/>\n<meta name=\"twitter:card\" content=\"summary_large_image\" \/>\n<meta name=\"twitter:label1\" content=\"Tiempo de lectura\" \/>\n\t<meta name=\"twitter:data1\" content=\"1 minuto\" \/>\n<script type=\"application\/ld+json\" class=\"yoast-schema-graph\">{\"@context\":\"https:\\\/\\\/schema.org\",\"@graph\":[{\"@type\":\"WebPage\",\"@id\":\"https:\\\/\\\/incubaconsultores.com.ar\\\/main\\\/it-solutions\\\/\",\"url\":\"https:\\\/\\\/incubaconsultores.com.ar\\\/main\\\/it-solutions\\\/\",\"name\":\"IT Solutions: Desarrollo a Medida y Automatizaci\u00f3n | Incuba\",\"isPartOf\":{\"@id\":\"https:\\\/\\\/incubaconsultores.com.ar\\\/main\\\/#website\"},\"datePublished\":\"2026-01-19T19:22:42+00:00\",\"dateModified\":\"2026-01-20T15:39:24+00:00\",\"description\":\"Desarrollo de soluciones a medida, automatizamos procesos e integramos sistemas para acelerar resultados.Agend\u00e1 diagn\u00f3stico.\",\"breadcrumb\":{\"@id\":\"https:\\\/\\\/incubaconsultores.com.ar\\\/main\\\/it-solutions\\\/#breadcrumb\"},\"inLanguage\":\"es-AR\",\"potentialAction\":[{\"@type\":\"ReadAction\",\"target\":[\"https:\\\/\\\/incubaconsultores.com.ar\\\/main\\\/it-solutions\\\/\"]}]},{\"@type\":\"BreadcrumbList\",\"@id\":\"https:\\\/\\\/incubaconsultores.com.ar\\\/main\\\/it-solutions\\\/#breadcrumb\",\"itemListElement\":[{\"@type\":\"ListItem\",\"position\":1,\"name\":\"Inicio\",\"item\":\"https:\\\/\\\/incubaconsultores.com.ar\\\/main\\\/\"},{\"@type\":\"ListItem\",\"position\":2,\"name\":\"IT Solutions\"}]},{\"@type\":\"WebSite\",\"@id\":\"https:\\\/\\\/incubaconsultores.com.ar\\\/main\\\/#website\",\"url\":\"https:\\\/\\\/incubaconsultores.com.ar\\\/main\\\/\",\"name\":\"Incuba Consultores\",\"description\":\"Consultor\u00eda en procesos, gesti\u00f3n del cambio, PM y tecnolog\u00eda.\",\"publisher\":{\"@id\":\"https:\\\/\\\/incubaconsultores.com.ar\\\/main\\\/#organization\"},\"potentialAction\":[{\"@type\":\"SearchAction\",\"target\":{\"@type\":\"EntryPoint\",\"urlTemplate\":\"https:\\\/\\\/incubaconsultores.com.ar\\\/main\\\/?s={search_term_string}\"},\"query-input\":{\"@type\":\"PropertyValueSpecification\",\"valueRequired\":true,\"valueName\":\"search_term_string\"}}],\"inLanguage\":\"es-AR\"},{\"@type\":\"Organization\",\"@id\":\"https:\\\/\\\/incubaconsultores.com.ar\\\/main\\\/#organization\",\"name\":\"INCUBA CONSULTORES\",\"alternateName\":\"INCUBA CONSULTORES\",\"url\":\"https:\\\/\\\/incubaconsultores.com.ar\\\/main\\\/\",\"logo\":{\"@type\":\"ImageObject\",\"inLanguage\":\"es-AR\",\"@id\":\"https:\\\/\\\/incubaconsultores.com.ar\\\/main\\\/#\\\/schema\\\/logo\\\/image\\\/\",\"url\":\"https:\\\/\\\/incubaconsultores.com.ar\\\/main\\\/wp-content\\\/uploads\\\/2016\\\/12\\\/logo-01.png\",\"contentUrl\":\"https:\\\/\\\/incubaconsultores.com.ar\\\/main\\\/wp-content\\\/uploads\\\/2016\\\/12\\\/logo-01.png\",\"width\":600,\"height\":294,\"caption\":\"INCUBA CONSULTORES\"},\"image\":{\"@id\":\"https:\\\/\\\/incubaconsultores.com.ar\\\/main\\\/#\\\/schema\\\/logo\\\/image\\\/\"},\"sameAs\":[\"https:\\\/\\\/www.facebook.com\\\/IncubaConsultores\\\/\",\"https:\\\/\\\/ar.linkedin.com\\\/company\\\/incuba-consultores\"]}]}<\/script>\n<!-- \/ Yoast SEO plugin. -->","yoast_head_json":{"title":"IT Solutions: Desarrollo a Medida y Automatizaci\u00f3n | Incuba","description":"Desarrollo de soluciones a medida, automatizamos procesos e integramos sistemas para acelerar resultados.Agend\u00e1 diagn\u00f3stico.","robots":{"index":"index","follow":"follow","max-snippet":"max-snippet:-1","max-image-preview":"max-image-preview:large","max-video-preview":"max-video-preview:-1"},"canonical":"https:\/\/incubaconsultores.com.ar\/main\/it-solutions\/","og_locale":"es_ES","og_type":"article","og_title":"IT Solutions: Desarrollo a Medida y Automatizaci\u00f3n | Incuba","og_description":"Desarrollo de soluciones a medida, automatizamos procesos e integramos sistemas para acelerar resultados.Agend\u00e1 diagn\u00f3stico.","og_url":"https:\/\/incubaconsultores.com.ar\/main\/it-solutions\/","og_site_name":"Incuba Consultores","article_publisher":"https:\/\/www.facebook.com\/IncubaConsultores\/","article_modified_time":"2026-01-20T15:39:24+00:00","og_image":[{"width":600,"height":294,"url":"https:\/\/incubaconsultores.com.ar\/main\/wp-content\/uploads\/2016\/12\/logo-01.png","type":"image\/png"}],"twitter_card":"summary_large_image","twitter_misc":{"Tiempo de lectura":"1 minuto"},"schema":{"@context":"https:\/\/schema.org","@graph":[{"@type":"WebPage","@id":"https:\/\/incubaconsultores.com.ar\/main\/it-solutions\/","url":"https:\/\/incubaconsultores.com.ar\/main\/it-solutions\/","name":"IT Solutions: Desarrollo a Medida y Automatizaci\u00f3n | Incuba","isPartOf":{"@id":"https:\/\/incubaconsultores.com.ar\/main\/#website"},"datePublished":"2026-01-19T19:22:42+00:00","dateModified":"2026-01-20T15:39:24+00:00","description":"Desarrollo de soluciones a medida, automatizamos procesos e integramos sistemas para acelerar resultados.Agend\u00e1 diagn\u00f3stico.","breadcrumb":{"@id":"https:\/\/incubaconsultores.com.ar\/main\/it-solutions\/#breadcrumb"},"inLanguage":"es-AR","potentialAction":[{"@type":"ReadAction","target":["https:\/\/incubaconsultores.com.ar\/main\/it-solutions\/"]}]},{"@type":"BreadcrumbList","@id":"https:\/\/incubaconsultores.com.ar\/main\/it-solutions\/#breadcrumb","itemListElement":[{"@type":"ListItem","position":1,"name":"Inicio","item":"https:\/\/incubaconsultores.com.ar\/main\/"},{"@type":"ListItem","position":2,"name":"IT Solutions"}]},{"@type":"WebSite","@id":"https:\/\/incubaconsultores.com.ar\/main\/#website","url":"https:\/\/incubaconsultores.com.ar\/main\/","name":"Incuba Consultores","description":"Consultor\u00eda en procesos, gesti\u00f3n del cambio, PM y tecnolog\u00eda.","publisher":{"@id":"https:\/\/incubaconsultores.com.ar\/main\/#organization"},"potentialAction":[{"@type":"SearchAction","target":{"@type":"EntryPoint","urlTemplate":"https:\/\/incubaconsultores.com.ar\/main\/?s={search_term_string}"},"query-input":{"@type":"PropertyValueSpecification","valueRequired":true,"valueName":"search_term_string"}}],"inLanguage":"es-AR"},{"@type":"Organization","@id":"https:\/\/incubaconsultores.com.ar\/main\/#organization","name":"INCUBA CONSULTORES","alternateName":"INCUBA CONSULTORES","url":"https:\/\/incubaconsultores.com.ar\/main\/","logo":{"@type":"ImageObject","inLanguage":"es-AR","@id":"https:\/\/incubaconsultores.com.ar\/main\/#\/schema\/logo\/image\/","url":"https:\/\/incubaconsultores.com.ar\/main\/wp-content\/uploads\/2016\/12\/logo-01.png","contentUrl":"https:\/\/incubaconsultores.com.ar\/main\/wp-content\/uploads\/2016\/12\/logo-01.png","width":600,"height":294,"caption":"INCUBA CONSULTORES"},"image":{"@id":"https:\/\/incubaconsultores.com.ar\/main\/#\/schema\/logo\/image\/"},"sameAs":["https:\/\/www.facebook.com\/IncubaConsultores\/","https:\/\/ar.linkedin.com\/company\/incuba-consultores"]}]}},"_links":{"self":[{"href":"https:\/\/incubaconsultores.com.ar\/main\/wp-json\/wp\/v2\/pages\/689","targetHints":{"allow":["GET"]}}],"collection":[{"href":"https:\/\/incubaconsultores.com.ar\/main\/wp-json\/wp\/v2\/pages"}],"about":[{"href":"https:\/\/incubaconsultores.com.ar\/main\/wp-json\/wp\/v2\/types\/page"}],"author":[{"embeddable":true,"href":"https:\/\/incubaconsultores.com.ar\/main\/wp-json\/wp\/v2\/users\/2"}],"replies":[{"embeddable":true,"href":"https:\/\/incubaconsultores.com.ar\/main\/wp-json\/wp\/v2\/comments?post=689"}],"version-history":[{"count":7,"href":"https:\/\/incubaconsultores.com.ar\/main\/wp-json\/wp\/v2\/pages\/689\/revisions"}],"predecessor-version":[{"id":771,"href":"https:\/\/incubaconsultores.com.ar\/main\/wp-json\/wp\/v2\/pages\/689\/revisions\/771"}],"wp:attachment":[{"href":"https:\/\/incubaconsultores.com.ar\/main\/wp-json\/wp\/v2\/media?parent=689"}],"curies":[{"name":"wp","href":"https:\/\/api.w.org\/{rel}","templated":true}]}}